{"id":144,"date":"2026-04-28T07:38:31","date_gmt":"2026-04-28T07:38:31","guid":{"rendered":"https:\/\/nadine-dobslaff.com\/?page_id=144"},"modified":"2026-04-29T12:56:22","modified_gmt":"2026-04-29T12:56:22","slug":"mentions","status":"publish","type":"page","link":"https:\/\/nadine-dobslaff.com\/mentions\/","title":{"rendered":"Mentions_legales_fr"},"content":{"rendered":"\t\t<div data-elementor-type=\"wp-page\" data-elementor-id=\"144\" class=\"elementor elementor-144\" data-elementor-settings=\"{&quot;ha_cmc_init_switcher&quot;:&quot;no&quot;}\" data-elementor-post-type=\"page\">\n\t\t\t\t<div class=\"elementor-element elementor-element-7f717af e-flex e-con-boxed e-con e-parent\" data-id=\"7f717af\" data-element_type=\"container\" data-e-type=\"container\" data-settings=\"{&quot;background_background&quot;:&quot;classic&quot;,&quot;_ha_eqh_enable&quot;:false}\">\n\t\t\t\t\t<div class=\"e-con-inner\">\n\t\t<div class=\"elementor-element elementor-element-8282079 e-con-full e-flex e-con e-child\" data-id=\"8282079\" data-element_type=\"container\" data-e-type=\"container\" data-settings=\"{&quot;background_background&quot;:&quot;classic&quot;,&quot;_ha_eqh_enable&quot;:false}\">\n\t\t\t\t<div class=\"elementor-element elementor-element-4f06236c elementor-widget elementor-widget-heading\" data-id=\"4f06236c\" data-element_type=\"widget\" data-e-type=\"widget\" data-widget_type=\"heading.default\">\n\t\t\t\t\t<h2 class=\"elementor-heading-title elementor-size-default\">Mentions l\u00e9gales<\/h2>\t\t\t\t<\/div>\n\t\t\t\t<div class=\"elementor-element elementor-element-7417d775 elementor-widget elementor-widget-text-editor\" data-id=\"7417d775\" data-element_type=\"widget\" data-e-type=\"widget\" data-widget_type=\"text-editor.default\">\n\t\t\t\t\t\t\t\t\t<p><strong>Identit\u00e9<\/strong><\/p><p>Le site www.nadine-dobslaff.com est \u00e9dit\u00e9 par<br \/>Nadine Dobslaff, entrepreneure individuelle.<br \/>SIRET : 101 206 308 00013<br \/>TVA intracommunautaire : FR12 101 206 308<br \/>Conseil et accompagnement en organisation, d\u00e9veloppement et gestion de projets (7022Z)<\/p><p>Directrice de la publication : Nadine Dobslaff<\/p>\t\t\t\t\t\t\t\t<\/div>\n\t\t\t\t<div class=\"elementor-element elementor-element-241325cf elementor-widget elementor-widget-image\" data-id=\"241325cf\" data-element_type=\"widget\" data-e-type=\"widget\" data-widget_type=\"image.default\">\n\t\t\t\t\t\t\t\t\t\t\t\t\t\t\t<img fetchpriority=\"high\" decoding=\"async\" width=\"621\" height=\"86\" src=\"https:\/\/nadine-dobslaff.com\/wp-content\/uploads\/2026\/04\/contactmentionslegales.jpg\" class=\"attachment-medium_large size-medium_large wp-image-150\" alt=\"\" srcset=\"https:\/\/nadine-dobslaff.com\/wp-content\/uploads\/2026\/04\/contactmentionslegales.jpg 621w, https:\/\/nadine-dobslaff.com\/wp-content\/uploads\/2026\/04\/contactmentionslegales-300x42.jpg 300w\" sizes=\"(max-width: 621px) 100vw, 621px\" \/>\t\t\t\t\t\t\t\t\t\t\t\t\t\t\t<\/div>\n\t\t\t\t<div class=\"elementor-element elementor-element-57a7feca elementor-widget elementor-widget-text-editor\" data-id=\"57a7feca\" data-element_type=\"widget\" data-e-type=\"widget\" data-widget_type=\"text-editor.default\">\n\t\t\t\t\t\t\t\t\t<p><b>H\u00e9bergement<\/b><\/p><p>Ce site est h\u00e9berg\u00e9 sur un datacenter fran\u00e7ais de<br \/>OVH SAS, 2 rue Kellermann, 59100 Roubaix &#8211; France.<br \/>Site web : www.ovh.fr<\/p>\t\t\t\t\t\t\t\t<\/div>\n\t\t\t\t<div class=\"elementor-element elementor-element-5383fd02 elementor-widget elementor-widget-text-editor\" data-id=\"5383fd02\" data-element_type=\"widget\" data-e-type=\"widget\" data-widget_type=\"text-editor.default\">\n\t\t\t\t\t\t\t\t\t<p><b>Conception et r\u00e9alisation du site<\/b><\/p><p>Ce site a \u00e9t\u00e9 con\u00e7u et r\u00e9alis\u00e9 par Nadine Dobslaff, en 100 % fait maison.<br data-start=\"414\" data-end=\"417\" \/>R\u00e9daction et traduction des contenus : Nadine Dobslaff<br data-start=\"471\" data-end=\"474\" \/>Cr\u00e9dits photos : Adobe Stock, Pexels<\/p>\t\t\t\t\t\t\t\t<\/div>\n\t\t\t\t<div class=\"elementor-element elementor-element-3d1dcf0d elementor-widget elementor-widget-text-editor\" data-id=\"3d1dcf0d\" data-element_type=\"widget\" data-e-type=\"widget\" data-widget_type=\"text-editor.default\">\n\t\t\t\t\t\t\t\t\t<p><b>Conditions d\u2019utilisation<\/b><\/p><p>L\u2019utilisation du site www.nadine-dobslaff.com implique l\u2019acceptation des pr\u00e9sentes conditions d\u2019utilisation. Les informations diffus\u00e9es sur ce site sont fournies \u00e0 titre indicatif et sont susceptibles d\u2019\u00e9voluer \u00e0 tout moment. Nadine Dobslaff s\u2019efforce d\u2019en assurer l\u2019exactitude, sans toutefois pouvoir garantir l\u2019absence d\u2019erreurs ou d\u2019omissions. La responsabilit\u00e9 de Nadine Dobslaff ne saurait \u00eatre engag\u00e9e quant \u00e0 l\u2019utilisation des informations pr\u00e9sentes sur le site.<\/p>\t\t\t\t\t\t\t\t<\/div>\n\t\t\t\t<div class=\"elementor-element elementor-element-7c272d53 elementor-widget elementor-widget-text-editor\" data-id=\"7c272d53\" data-element_type=\"widget\" data-e-type=\"widget\" data-widget_type=\"text-editor.default\">\n\t\t\t\t\t\t\t\t\t<p><b>Propri\u00e9t\u00e9 Intellectuelle<\/b><\/p><p>Sauf mention contraire, tous les \u00e9l\u00e9ments accessibles sur le site (textes, images, logo etc.) restent la propri\u00e9t\u00e9 exclusive de Nadine Dobslaff en ce qui concerne les droits de propri\u00e9t\u00e9 intellectuelle ou les droits d\u2019usage.<\/p><p>Toute reproduction, repr\u00e9sentation, modification, publication ou adaptation, totale ou partielle (dans sa forme ou son contenu), \u00e0 des fins commerciales ou non commerciales, est interdite sans autorisation \u00e9crite pr\u00e9alable de Nadine Dobslaff.<br \/>En cas d\u2019autorisation, la mention claire et lisible de la source devra appara\u00eetre, accompagn\u00e9e d\u2019un lien hypertexte actif vers le site www.nadine-dobslaff.com.<br \/>La cr\u00e9ation de liens hypertextes vers le site est soumise \u00e0 l\u2019autorisation pr\u00e9alable de Nadine Dobslaff.<\/p>\t\t\t\t\t\t\t\t<\/div>\n\t\t\t\t<div class=\"elementor-element elementor-element-8ccfbfc elementor-widget elementor-widget-text-editor\" data-id=\"8ccfbfc\" data-element_type=\"widget\" data-e-type=\"widget\" data-widget_type=\"text-editor.default\">\n\t\t\t\t\t\t\t\t\t<p><b>Liens hypertextes vers des sites tiers<\/b><\/p><p>Le site peut contenir des liens vers des sites tiers. Nadine Dobslaff ne saurait \u00eatre tenue responsable du contenu de ces sites externes.<\/p>\t\t\t\t\t\t\t\t<\/div>\n\t\t\t\t<div class=\"elementor-element elementor-element-52ea760c elementor-widget elementor-widget-text-editor\" data-id=\"52ea760c\" data-element_type=\"widget\" data-e-type=\"widget\" data-widget_type=\"text-editor.default\">\n\t\t\t\t\t\t\t\t\t<p><b>Donn\u00e9es personnelles et cookies<\/b><\/p><p><span style=\"font-family: Arial, sans-serif;\"><span style=\"font-size: large;\">Les donn\u00e9es collect\u00e9es via le formulaire de contact sont utilis\u00e9es uniquement pour r\u00e9pondre aux demandes. Elles ne sont ni vendues ni transmises \u00e0 des tiers \u00e0 des fins commerciales et sont trait\u00e9es de mani\u00e8re confidentielle. <\/span><\/span><\/p><p data-start=\"343\" data-end=\"504\">Conform\u00e9ment au RGPD et \u00e0 la loi Informatique et Libert\u00e9s, vous disposez des droits suivants : droit d\u2019acc\u00e8s, de rectification, de suppression, d\u2019opposition, de limitation du traitement et de portabilit\u00e9 des donn\u00e9es.<span style=\"font-family: Poppins; font-size: 20px;\">\u00a0<\/span><span style=\"font-family: Poppins; font-size: 20px;\">Vous pouvez exercer ces droits en contactant Nadine Dobslaff.<\/span><\/p><p data-start=\"1348\" data-end=\"1484\">Le site utilise des cookies n\u00e9cessaires \u00e0 son bon fonctionnement ainsi que, le cas \u00e9ch\u00e9ant, des cookies de mesure d\u2019audience ou de s\u00e9curisation (par exemple via reCAPTCHA). Aucun cookie de mesure d\u2019audience n\u2019est utilis\u00e9 sans votre consentement.<\/p><p data-start=\"1348\" data-end=\"1484\">Les donn\u00e9es personnelles sont trait\u00e9es conform\u00e9ment \u00e0 la <span style=\"text-decoration: underline;\"><a href=\"https:\/\/nadine-dobslaff.com\/index.php\/politique_confidentalite_fr\/\" target=\"_blank\" rel=\"noopener\">politique de confidentialit\u00e9<\/a><\/span> du site.<\/p>\t\t\t\t\t\t\t\t<\/div>\n\t\t\t\t<div class=\"elementor-element elementor-element-1740fe26 elementor-widget elementor-widget-text-editor\" data-id=\"1740fe26\" data-element_type=\"widget\" data-e-type=\"widget\" data-widget_type=\"text-editor.default\">\n\t\t\t\t\t\t\t\t\t<p><strong>Droit applicable et litiges<\/strong><\/p><p>Les pr\u00e9sentes mentions l\u00e9gales sont soumises au droit fran\u00e7ais. En cas de litige, les tribunaux comp\u00e9tents seront ceux du ressort du domicile de Nadine Dobslaff, sauf disposition l\u00e9gale contraire.<\/p>\t\t\t\t\t\t\t\t<\/div>\n\t\t\t\t<\/div>\n\t\t\t\t\t<\/div>\n\t\t\t\t<\/div>\n\t\t\t\t<\/div>\n\t\t","protected":false},"excerpt":{"rendered":"<p>Mentions l\u00e9gales Identit\u00e9 Le site www.nadine-dobslaff.com est \u00e9dit\u00e9 parNadine Dobslaff, entrepreneure individuelle.SIRET : 101 206 308 00013TVA intracommunautaire : FR12 [&hellip;]<\/p>\n","protected":false},"author":1,"featured_media":0,"parent":0,"menu_order":0,"comment_status":"closed","ping_status":"closed","template":"elementor_header_footer","meta":{"site-sidebar-layout":"no-sidebar","site-content-layout":"","ast-site-content-layout":"full-width-container","site-content-style":"default","site-sidebar-style":"default","ast-global-header-display":"","ast-banner-title-visibility":"","ast-main-header-display":"","ast-hfb-above-header-display":"","ast-hfb-below-header-display":"","ast-hfb-mobile-header-display":"","site-post-title":"","ast-breadcrumbs-content":"","ast-featured-img":"disabled","footer-sml-layout":"","ast-disable-related-posts":"","theme-transparent-header-meta":"","adv-header-id-meta":"","stick-header-meta":"","header-above-stick-meta":"","header-main-stick-meta":"","header-below-stick-meta":"","astra-migrate-meta-layouts":"default","ast-page-background-enabled":"default","ast-page-background-meta":{"desktop":{"background-color":"var(--ast-global-color-5)","background-image":"","background-repeat":"repeat","background-position":"center center","background-size":"auto","background-attachment":"scroll","background-type":"","background-media":"","overlay-type":"","overlay-color":"","overlay-opacity":"","overlay-gradient":""},"tablet":{"background-color":"","background-image":"","background-repeat":"repeat","background-position":"center center","background-size":"auto","background-attachment":"scroll","background-type":"","background-media":"","overlay-type":"","overlay-color":"","overlay-opacity":"","overlay-gradient":""},"mobile":{"background-color":"","background-image":"","background-repeat":"repeat","background-position":"center center","background-size":"auto","background-attachment":"scroll","background-type":"","background-media":"","overlay-type":"","overlay-color":"","overlay-opacity":"","overlay-gradient":""}},"ast-content-background-meta":{"desktop":{"background-color":"var(--ast-global-color-4)","background-image":"","background-repeat":"repeat","background-position":"center center","background-size":"auto","background-attachment":"scroll","background-type":"","background-media":"","overlay-type":"","overlay-color":"","overlay-opacity":"","overlay-gradient":""},"tablet":{"background-color":"var(--ast-global-color-4)","background-image":"","background-repeat":"repeat","background-position":"center center","background-size":"auto","background-attachment":"scroll","background-type":"","background-media":"","overlay-type":"","overlay-color":"","overlay-opacity":"","overlay-gradient":""},"mobile":{"background-color":"var(--ast-global-color-4)","background-image":"","background-repeat":"repeat","background-position":"center center","background-size":"auto","background-attachment":"scroll","background-type":"","background-media":"","overlay-type":"","overlay-color":"","overlay-opacity":"","overlay-gradient":""}},"footnotes":""},"class_list":["post-144","page","type-page","status-publish","hentry"],"_links":{"self":[{"href":"https:\/\/nadine-dobslaff.com\/wp-json\/wp\/v2\/pages\/144","targetHints":{"allow":["GET"]}}],"collection":[{"href":"https:\/\/nadine-dobslaff.com\/wp-json\/wp\/v2\/pages"}],"about":[{"href":"https:\/\/nadine-dobslaff.com\/wp-json\/wp\/v2\/types\/page"}],"author":[{"embeddable":true,"href":"https:\/\/nadine-dobslaff.com\/wp-json\/wp\/v2\/users\/1"}],"replies":[{"embeddable":true,"href":"https:\/\/nadine-dobslaff.com\/wp-json\/wp\/v2\/comments?post=144"}],"version-history":[{"count":15,"href":"https:\/\/nadine-dobslaff.com\/wp-json\/wp\/v2\/pages\/144\/revisions"}],"predecessor-version":[{"id":267,"href":"https:\/\/nadine-dobslaff.com\/wp-json\/wp\/v2\/pages\/144\/revisions\/267"}],"wp:attachment":[{"href":"https:\/\/nadine-dobslaff.com\/wp-json\/wp\/v2\/media?parent=144"}],"curies":[{"name":"wp","href":"https:\/\/api.w.org\/{rel}","templated":true}]}}